{"id":7532,"date":"2020-07-27T15:07:15","date_gmt":"2020-07-27T13:07:15","guid":{"rendered":"https:\/\/www.sophiaengineering.com\/our-areas-of-business\/"},"modified":"2020-07-27T15:07:15","modified_gmt":"2020-07-27T13:07:15","slug":"our-areas-of-business","status":"publish","type":"page","link":"https:\/\/www.sophiaengineering.com\/en\/our-areas-of-business\/","title":{"rendered":"Our areas of business"},"content":{"rendered":"","protected":false},"excerpt":{"rendered":"","protected":false},"author":1,"featured_media":0,"parent":0,"menu_order":0,"comment_status":"closed","ping_status":"closed","template":"sectors.php","meta":{"footnotes":""},"class_list":["post-7532","page","type-page","status-publish","hentry"],"acf":{"illustration":{"ID":1280,"id":1280,"title":"Sophia Engineering transforme les id\u00e9es en r\u00e9alit\u00e9 industrielle","filename":"Sophia-Engineering-Secteurs-1-e1571145818446.jpg","filesize":162095,"url":"https:\/\/www.sophiaengineering.com\/wp-content\/uploads\/2019\/08\/Sophia-Engineering-Secteurs-1-e1571145818446.jpg","link":"https:\/\/www.sophiaengineering.com\/en\/vision-technologique-multi-sectorielle-et-multi-applicative\/close-up-of-thoughtful-boy-with-spectrum-on-eyes-against-black-background-2\/","alt":"Sophia Engineering Secteurs","author":"2","description":"Sophia Engineering transforme les id\u00e9es en r\u00e9alit\u00e9 industrielle","caption":"Sophia Engineering transforme les id\u00e9es en r\u00e9alit\u00e9 industrielle","name":"close-up-of-thoughtful-boy-with-spectrum-on-eyes-against-black-background-2","status":"inherit","uploaded_to":43,"date":"2019-08-27 09:33:47","modified":"2019-12-20 15:25:21","menu_order":0,"mime_type":"image\/jpeg","type":"image","subtype":"jpeg","icon":"https:\/\/www.sophiaengineering.com\/wp-includes\/images\/media\/default.png","width":3119,"height":1270,"sizes":{"thumbnail":"https:\/\/www.sophiaengineering.com\/wp-content\/uploads\/2019\/08\/Sophia-Engineering-Secteurs-1-e1571145818446-150x150.jpg","thumbnail-width":150,"thumbnail-height":150,"medium":"https:\/\/www.sophiaengineering.com\/wp-content\/uploads\/2019\/08\/Sophia-Engineering-Secteurs-1-e1571145818446-300x122.jpg","medium-width":300,"medium-height":122,"medium_large":"https:\/\/www.sophiaengineering.com\/wp-content\/uploads\/2019\/08\/Sophia-Engineering-Secteurs-1-e1571145818446-768x313.jpg","medium_large-width":768,"medium_large-height":313,"large":"https:\/\/www.sophiaengineering.com\/wp-content\/uploads\/2019\/08\/Sophia-Engineering-Secteurs-1-e1571145818446-1024x417.jpg","large-width":1024,"large-height":417,"1536x1536":"https:\/\/www.sophiaengineering.com\/wp-content\/uploads\/2019\/08\/Sophia-Engineering-Secteurs-1-e1571145818446.jpg","1536x1536-width":1536,"1536x1536-height":625,"2048x2048":"https:\/\/www.sophiaengineering.com\/wp-content\/uploads\/2019\/08\/Sophia-Engineering-Secteurs-1-e1571145818446.jpg","2048x2048-width":2048,"2048x2048-height":834,"small_thumb":"https:\/\/www.sophiaengineering.com\/wp-content\/uploads\/2019\/08\/Sophia-Engineering-Secteurs-1-e1571145818446-80x80.jpg","small_thumb-width":80,"small_thumb-height":80,"full_mob":"https:\/\/www.sophiaengineering.com\/wp-content\/uploads\/2019\/08\/Sophia-Engineering-Secteurs-1-e1571145818446-750x1200.jpg","full_mob-width":750,"full_mob-height":1200,"square_mob":"https:\/\/www.sophiaengineering.com\/wp-content\/uploads\/2019\/08\/Sophia-Engineering-Secteurs-1-e1571145818446-750x750.jpg","square_mob-width":750,"square_mob-height":750,"full_tab":"https:\/\/www.sophiaengineering.com\/wp-content\/uploads\/2019\/08\/Sophia-Engineering-Secteurs-1-e1571145818446-1536x1200.jpg","full_tab-width":1536,"full_tab-height":1200,"square_tab":"https:\/\/www.sophiaengineering.com\/wp-content\/uploads\/2019\/08\/Sophia-Engineering-Secteurs-1-e1571145818446-1536x1270.jpg","square_tab-width":1536,"square_tab-height":1270,"background":"https:\/\/www.sophiaengineering.com\/wp-content\/uploads\/2019\/08\/Sophia-Engineering-Secteurs-1-e1571145818446-2000x814.jpg","background-width":2000,"background-height":814,"slider":"https:\/\/www.sophiaengineering.com\/wp-content\/uploads\/2019\/08\/Sophia-Engineering-Secteurs-1-e1571145818446-1920x782.jpg","slider-width":1920,"slider-height":782}},"subtitle":"A multi-disciplinary, multi-sector approach","description_title":"Overall introduction","description_content":"<p><span style=\"font-weight: 400;\">SOPHIA ENGINEERING\u2019s strategic positioning is also based upon the cross-sector nature of the company\u2019s business. It strengthens its multi-sector, multi-application technological vision and increases its ability to detect, grasp and adapt existing technological and methodological building blocks in order to use transfers wherever possible.<\/span><\/p>\n"},"yoast_head":"<!-- This site is optimized with the Yoast SEO plugin v26.9 - https:\/\/yoast.com\/product\/yoast-seo-wordpress\/ -->\n<title>Our areas of business - SOPHIA technological vision<\/title>\n<meta name=\"description\" content=\"SOPHIA ENGINEERING\u2019s strategic positioning strengthens the company\u2019s multi-sector, multi-application technological vision.\" \/>\n<meta name=\"robots\" content=\"index, follow, max-snippet:-1, max-image-preview:large, max-video-preview:-1\" \/>\n<link rel=\"canonical\" href=\"https:\/\/www.sophiaengineering.com\/en\/our-areas-of-business\/\" \/>\n<meta property=\"og:locale\" content=\"en_US\" \/>\n<meta property=\"og:type\" content=\"article\" \/>\n<meta property=\"og:title\" content=\"Our areas of business - SOPHIA technological vision\" \/>\n<meta property=\"og:description\" content=\"SOPHIA ENGINEERING\u2019s strategic positioning strengthens the company\u2019s multi-sector, multi-application technological vision.\" \/>\n<meta property=\"og:url\" content=\"https:\/\/www.sophiaengineering.com\/en\/our-areas-of-business\/\" \/>\n<meta property=\"og:site_name\" content=\"SOPHIA\" \/>\n<meta name=\"twitter:card\" content=\"summary_large_image\" \/>\n<script type=\"application\/ld+json\" class=\"yoast-schema-graph\">{\"@context\":\"https:\/\/schema.org\",\"@graph\":[{\"@type\":\"WebPage\",\"@id\":\"https:\/\/www.sophiaengineering.com\/en\/our-areas-of-business\/\",\"url\":\"https:\/\/www.sophiaengineering.com\/en\/our-areas-of-business\/\",\"name\":\"Our areas of business - SOPHIA technological vision\",\"isPartOf\":{\"@id\":\"https:\/\/www.sophiaengineering.com\/en\/#website\"},\"datePublished\":\"2020-07-27T13:07:15+00:00\",\"description\":\"SOPHIA ENGINEERING\u2019s strategic positioning strengthens the company\u2019s multi-sector, multi-application technological vision.\",\"breadcrumb\":{\"@id\":\"https:\/\/www.sophiaengineering.com\/en\/our-areas-of-business\/#breadcrumb\"},\"inLanguage\":\"en-US\",\"potentialAction\":[{\"@type\":\"ReadAction\",\"target\":[\"https:\/\/www.sophiaengineering.com\/en\/our-areas-of-business\/\"]}]},{\"@type\":\"BreadcrumbList\",\"@id\":\"https:\/\/www.sophiaengineering.com\/en\/our-areas-of-business\/#breadcrumb\",\"itemListElement\":[{\"@type\":\"ListItem\",\"position\":1,\"name\":\"Home\",\"item\":\"https:\/\/www.sophiaengineering.com\/en\/\"},{\"@type\":\"ListItem\",\"position\":2,\"name\":\"Our areas of business\"}]},{\"@type\":\"WebSite\",\"@id\":\"https:\/\/www.sophiaengineering.com\/en\/#website\",\"url\":\"https:\/\/www.sophiaengineering.com\/en\/\",\"name\":\"SOPHIA\",\"description\":\"\",\"potentialAction\":[{\"@type\":\"SearchAction\",\"target\":{\"@type\":\"EntryPoint\",\"urlTemplate\":\"https:\/\/www.sophiaengineering.com\/en\/?s={search_term_string}\"},\"query-input\":{\"@type\":\"PropertyValueSpecification\",\"valueRequired\":true,\"valueName\":\"search_term_string\"}}],\"inLanguage\":\"en-US\"}]}<\/script>\n<!-- \/ Yoast SEO plugin. -->","yoast_head_json":{"title":"Our areas of business - SOPHIA technological vision","description":"SOPHIA ENGINEERING\u2019s strategic positioning strengthens the company\u2019s multi-sector, multi-application technological vision.","robots":{"index":"index","follow":"follow","max-snippet":"max-snippet:-1","max-image-preview":"max-image-preview:large","max-video-preview":"max-video-preview:-1"},"canonical":"https:\/\/www.sophiaengineering.com\/en\/our-areas-of-business\/","og_locale":"en_US","og_type":"article","og_title":"Our areas of business - SOPHIA technological vision","og_description":"SOPHIA ENGINEERING\u2019s strategic positioning strengthens the company\u2019s multi-sector, multi-application technological vision.","og_url":"https:\/\/www.sophiaengineering.com\/en\/our-areas-of-business\/","og_site_name":"SOPHIA","twitter_card":"summary_large_image","schema":{"@context":"https:\/\/schema.org","@graph":[{"@type":"WebPage","@id":"https:\/\/www.sophiaengineering.com\/en\/our-areas-of-business\/","url":"https:\/\/www.sophiaengineering.com\/en\/our-areas-of-business\/","name":"Our areas of business - SOPHIA technological vision","isPartOf":{"@id":"https:\/\/www.sophiaengineering.com\/en\/#website"},"datePublished":"2020-07-27T13:07:15+00:00","description":"SOPHIA ENGINEERING\u2019s strategic positioning strengthens the company\u2019s multi-sector, multi-application technological vision.","breadcrumb":{"@id":"https:\/\/www.sophiaengineering.com\/en\/our-areas-of-business\/#breadcrumb"},"inLanguage":"en-US","potentialAction":[{"@type":"ReadAction","target":["https:\/\/www.sophiaengineering.com\/en\/our-areas-of-business\/"]}]},{"@type":"BreadcrumbList","@id":"https:\/\/www.sophiaengineering.com\/en\/our-areas-of-business\/#breadcrumb","itemListElement":[{"@type":"ListItem","position":1,"name":"Home","item":"https:\/\/www.sophiaengineering.com\/en\/"},{"@type":"ListItem","position":2,"name":"Our areas of business"}]},{"@type":"WebSite","@id":"https:\/\/www.sophiaengineering.com\/en\/#website","url":"https:\/\/www.sophiaengineering.com\/en\/","name":"SOPHIA","description":"","potentialAction":[{"@type":"SearchAction","target":{"@type":"EntryPoint","urlTemplate":"https:\/\/www.sophiaengineering.com\/en\/?s={search_term_string}"},"query-input":{"@type":"PropertyValueSpecification","valueRequired":true,"valueName":"search_term_string"}}],"inLanguage":"en-US"}]}},"_links":{"self":[{"href":"https:\/\/www.sophiaengineering.com\/en\/wp-json\/wp\/v2\/pages\/7532","targetHints":{"allow":["GET"]}}],"collection":[{"href":"https:\/\/www.sophiaengineering.com\/en\/wp-json\/wp\/v2\/pages"}],"about":[{"href":"https:\/\/www.sophiaengineering.com\/en\/wp-json\/wp\/v2\/types\/page"}],"author":[{"embeddable":true,"href":"https:\/\/www.sophiaengineering.com\/en\/wp-json\/wp\/v2\/users\/1"}],"replies":[{"embeddable":true,"href":"https:\/\/www.sophiaengineering.com\/en\/wp-json\/wp\/v2\/comments?post=7532"}],"version-history":[{"count":0,"href":"https:\/\/www.sophiaengineering.com\/en\/wp-json\/wp\/v2\/pages\/7532\/revisions"}],"wp:attachment":[{"href":"https:\/\/www.sophiaengineering.com\/en\/wp-json\/wp\/v2\/media?parent=7532"}],"curies":[{"name":"wp","href":"https:\/\/api.w.org\/{rel}","templated":true}]}}