{"id":7521,"date":"2020-07-27T15:07:09","date_gmt":"2020-07-27T13:07:09","guid":{"rendered":"https:\/\/www.sophiaengineering.com\/past-projects\/"},"modified":"2020-07-27T15:07:09","modified_gmt":"2020-07-27T13:07:09","slug":"past-projects","status":"publish","type":"page","link":"https:\/\/www.sophiaengineering.com\/en\/past-projects\/","title":{"rendered":"Past projects"},"content":{"rendered":"","protected":false},"excerpt":{"rendered":"","protected":false},"author":1,"featured_media":0,"parent":0,"menu_order":0,"comment_status":"closed","ping_status":"closed","template":"realisations.php","meta":{"footnotes":""},"class_list":["post-7521","page","type-page","status-publish","hentry"],"acf":{"illustration":{"ID":1057,"id":1057,"title":"Sophia Engineering transforme les id\u00e9es en r\u00e9alit\u00e9 industrielle","filename":"AdobeStock_121367726-min.jpeg","filesize":303972,"url":"https:\/\/www.sophiaengineering.com\/wp-content\/uploads\/2019\/08\/AdobeStock_121367726-min.jpeg","link":"https:\/\/www.sophiaengineering.com\/en\/offres-technologiques\/adobestock_121367726-min\/","alt":"Sophia Engineering transforme les id\u00e9es en r\u00e9alit\u00e9 industrielle","author":"1","description":"Sophia Engineering transforme les id\u00e9es en r\u00e9alit\u00e9 industrielle","caption":"Sophia Engineering transforme les id\u00e9es en r\u00e9alit\u00e9 industrielle","name":"adobestock_121367726-min","status":"inherit","uploaded_to":19,"date":"2019-08-12 14:18:30","modified":"2019-12-20 15:28:53","menu_order":0,"mime_type":"image\/jpeg","type":"image","subtype":"jpeg","icon":"https:\/\/www.sophiaengineering.com\/wp-includes\/images\/media\/default.png","width":4300,"height":2867,"sizes":{"thumbnail":"https:\/\/www.sophiaengineering.com\/wp-content\/uploads\/2019\/08\/AdobeStock_121367726-min-150x150.jpeg","thumbnail-width":150,"thumbnail-height":150,"medium":"https:\/\/www.sophiaengineering.com\/wp-content\/uploads\/2019\/08\/AdobeStock_121367726-min-300x200.jpeg","medium-width":300,"medium-height":200,"medium_large":"https:\/\/www.sophiaengineering.com\/wp-content\/uploads\/2019\/08\/AdobeStock_121367726-min-768x512.jpeg","medium_large-width":768,"medium_large-height":512,"large":"https:\/\/www.sophiaengineering.com\/wp-content\/uploads\/2019\/08\/AdobeStock_121367726-min-1024x683.jpeg","large-width":1024,"large-height":683,"1536x1536":"https:\/\/www.sophiaengineering.com\/wp-content\/uploads\/2019\/08\/AdobeStock_121367726-min.jpeg","1536x1536-width":1536,"1536x1536-height":1024,"2048x2048":"https:\/\/www.sophiaengineering.com\/wp-content\/uploads\/2019\/08\/AdobeStock_121367726-min.jpeg","2048x2048-width":2048,"2048x2048-height":1365,"small_thumb":"https:\/\/www.sophiaengineering.com\/wp-content\/uploads\/2019\/08\/AdobeStock_121367726-min-80x80.jpeg","small_thumb-width":80,"small_thumb-height":80,"full_mob":"https:\/\/www.sophiaengineering.com\/wp-content\/uploads\/2019\/08\/AdobeStock_121367726-min-750x1200.jpeg","full_mob-width":750,"full_mob-height":1200,"square_mob":"https:\/\/www.sophiaengineering.com\/wp-content\/uploads\/2019\/08\/AdobeStock_121367726-min-750x750.jpeg","square_mob-width":750,"square_mob-height":750,"full_tab":"https:\/\/www.sophiaengineering.com\/wp-content\/uploads\/2019\/08\/AdobeStock_121367726-min-1536x1200.jpeg","full_tab-width":1536,"full_tab-height":1200,"square_tab":"https:\/\/www.sophiaengineering.com\/wp-content\/uploads\/2019\/08\/AdobeStock_121367726-min-1536x2638.jpeg","square_tab-width":1536,"square_tab-height":2638,"background":"https:\/\/www.sophiaengineering.com\/wp-content\/uploads\/2019\/08\/AdobeStock_121367726-min-2000x1333.jpeg","background-width":2000,"background-height":1333,"slider":"https:\/\/www.sophiaengineering.com\/wp-content\/uploads\/2019\/08\/AdobeStock_121367726-min-1620x1080.jpeg","slider-width":1620,"slider-height":1080}},"subtitle":"A few sample projects"},"yoast_head":"<!-- This site is optimized with the Yoast SEO plugin v26.9 - https:\/\/yoast.com\/product\/yoast-seo-wordpress\/ -->\n<title>Past projects - SOPHIA<\/title>\n<meta name=\"description\" content=\"Our projects, our promise. Sophia Engineering is an innovation-based link between research and industry, and turns ideas into industrial reality.\" \/>\n<meta name=\"robots\" content=\"index, follow, max-snippet:-1, max-image-preview:large, max-video-preview:-1\" \/>\n<link rel=\"canonical\" href=\"https:\/\/www.sophiaengineering.com\/en\/past-projects\/\" \/>\n<meta property=\"og:locale\" content=\"en_US\" \/>\n<meta property=\"og:type\" content=\"article\" \/>\n<meta property=\"og:title\" content=\"Past projects - SOPHIA\" \/>\n<meta property=\"og:description\" content=\"Our projects, our promise. Sophia Engineering is an innovation-based link between research and industry, and turns ideas into industrial reality.\" \/>\n<meta property=\"og:url\" content=\"https:\/\/www.sophiaengineering.com\/en\/past-projects\/\" \/>\n<meta property=\"og:site_name\" content=\"SOPHIA\" \/>\n<meta name=\"twitter:card\" content=\"summary_large_image\" \/>\n<script type=\"application\/ld+json\" class=\"yoast-schema-graph\">{\"@context\":\"https:\/\/schema.org\",\"@graph\":[{\"@type\":\"WebPage\",\"@id\":\"https:\/\/www.sophiaengineering.com\/en\/past-projects\/\",\"url\":\"https:\/\/www.sophiaengineering.com\/en\/past-projects\/\",\"name\":\"Past projects - SOPHIA\",\"isPartOf\":{\"@id\":\"https:\/\/www.sophiaengineering.com\/en\/#website\"},\"datePublished\":\"2020-07-27T13:07:09+00:00\",\"description\":\"Our projects, our promise. Sophia Engineering is an innovation-based link between research and industry, and turns ideas into industrial reality.\",\"breadcrumb\":{\"@id\":\"https:\/\/www.sophiaengineering.com\/en\/past-projects\/#breadcrumb\"},\"inLanguage\":\"en-US\",\"potentialAction\":[{\"@type\":\"ReadAction\",\"target\":[\"https:\/\/www.sophiaengineering.com\/en\/past-projects\/\"]}]},{\"@type\":\"BreadcrumbList\",\"@id\":\"https:\/\/www.sophiaengineering.com\/en\/past-projects\/#breadcrumb\",\"itemListElement\":[{\"@type\":\"ListItem\",\"position\":1,\"name\":\"Home\",\"item\":\"https:\/\/www.sophiaengineering.com\/en\/\"},{\"@type\":\"ListItem\",\"position\":2,\"name\":\"Past projects\"}]},{\"@type\":\"WebSite\",\"@id\":\"https:\/\/www.sophiaengineering.com\/en\/#website\",\"url\":\"https:\/\/www.sophiaengineering.com\/en\/\",\"name\":\"SOPHIA\",\"description\":\"\",\"potentialAction\":[{\"@type\":\"SearchAction\",\"target\":{\"@type\":\"EntryPoint\",\"urlTemplate\":\"https:\/\/www.sophiaengineering.com\/en\/?s={search_term_string}\"},\"query-input\":{\"@type\":\"PropertyValueSpecification\",\"valueRequired\":true,\"valueName\":\"search_term_string\"}}],\"inLanguage\":\"en-US\"}]}<\/script>\n<!-- \/ Yoast SEO plugin. -->","yoast_head_json":{"title":"Past projects - SOPHIA","description":"Our projects, our promise. Sophia Engineering is an innovation-based link between research and industry, and turns ideas into industrial reality.","robots":{"index":"index","follow":"follow","max-snippet":"max-snippet:-1","max-image-preview":"max-image-preview:large","max-video-preview":"max-video-preview:-1"},"canonical":"https:\/\/www.sophiaengineering.com\/en\/past-projects\/","og_locale":"en_US","og_type":"article","og_title":"Past projects - SOPHIA","og_description":"Our projects, our promise. Sophia Engineering is an innovation-based link between research and industry, and turns ideas into industrial reality.","og_url":"https:\/\/www.sophiaengineering.com\/en\/past-projects\/","og_site_name":"SOPHIA","twitter_card":"summary_large_image","schema":{"@context":"https:\/\/schema.org","@graph":[{"@type":"WebPage","@id":"https:\/\/www.sophiaengineering.com\/en\/past-projects\/","url":"https:\/\/www.sophiaengineering.com\/en\/past-projects\/","name":"Past projects - SOPHIA","isPartOf":{"@id":"https:\/\/www.sophiaengineering.com\/en\/#website"},"datePublished":"2020-07-27T13:07:09+00:00","description":"Our projects, our promise. Sophia Engineering is an innovation-based link between research and industry, and turns ideas into industrial reality.","breadcrumb":{"@id":"https:\/\/www.sophiaengineering.com\/en\/past-projects\/#breadcrumb"},"inLanguage":"en-US","potentialAction":[{"@type":"ReadAction","target":["https:\/\/www.sophiaengineering.com\/en\/past-projects\/"]}]},{"@type":"BreadcrumbList","@id":"https:\/\/www.sophiaengineering.com\/en\/past-projects\/#breadcrumb","itemListElement":[{"@type":"ListItem","position":1,"name":"Home","item":"https:\/\/www.sophiaengineering.com\/en\/"},{"@type":"ListItem","position":2,"name":"Past projects"}]},{"@type":"WebSite","@id":"https:\/\/www.sophiaengineering.com\/en\/#website","url":"https:\/\/www.sophiaengineering.com\/en\/","name":"SOPHIA","description":"","potentialAction":[{"@type":"SearchAction","target":{"@type":"EntryPoint","urlTemplate":"https:\/\/www.sophiaengineering.com\/en\/?s={search_term_string}"},"query-input":{"@type":"PropertyValueSpecification","valueRequired":true,"valueName":"search_term_string"}}],"inLanguage":"en-US"}]}},"_links":{"self":[{"href":"https:\/\/www.sophiaengineering.com\/en\/wp-json\/wp\/v2\/pages\/7521","targetHints":{"allow":["GET"]}}],"collection":[{"href":"https:\/\/www.sophiaengineering.com\/en\/wp-json\/wp\/v2\/pages"}],"about":[{"href":"https:\/\/www.sophiaengineering.com\/en\/wp-json\/wp\/v2\/types\/page"}],"author":[{"embeddable":true,"href":"https:\/\/www.sophiaengineering.com\/en\/wp-json\/wp\/v2\/users\/1"}],"replies":[{"embeddable":true,"href":"https:\/\/www.sophiaengineering.com\/en\/wp-json\/wp\/v2\/comments?post=7521"}],"version-history":[{"count":0,"href":"https:\/\/www.sophiaengineering.com\/en\/wp-json\/wp\/v2\/pages\/7521\/revisions"}],"wp:attachment":[{"href":"https:\/\/www.sophiaengineering.com\/en\/wp-json\/wp\/v2\/media?parent=7521"}],"curies":[{"name":"wp","href":"https:\/\/api.w.org\/{rel}","templated":true}]}}