{"id":7463,"date":"2020-07-27T15:06:01","date_gmt":"2020-07-27T13:06:01","guid":{"rendered":"https:\/\/www.sophiaengineering.com\/situations-vacant\/"},"modified":"2020-07-27T15:06:01","modified_gmt":"2020-07-27T13:06:01","slug":"situations-vacant","status":"publish","type":"page","link":"https:\/\/www.sophiaengineering.com\/en\/situations-vacant\/","title":{"rendered":"Situations vacant"},"content":{"rendered":"","protected":false},"excerpt":{"rendered":"","protected":false},"author":1,"featured_media":0,"parent":0,"menu_order":0,"comment_status":"closed","ping_status":"closed","template":"offers.php","meta":{"footnotes":""},"class_list":["post-7463","page","type-page","status-publish","hentry"],"acf":{"illustration":{"ID":1032,"id":1032,"title":"Banniere Ma Carriere-min","filename":"Banniere-Ma-Carriere-min.jpeg","filesize":498246,"url":"https:\/\/www.sophiaengineering.com\/wp-content\/uploads\/2019\/08\/Banniere-Ma-Carriere-min.jpeg","link":"https:\/\/www.sophiaengineering.com\/en\/carriere-ingenierie-systeme-rd\/banniere-ma-carriere-min\/","alt":"Rejoignez nos carrieres Sophia Engineering transforme les id\u00e9es en r\u00e9alit\u00e9 industrielle","author":"1","description":"Sophia Engineering transforme les id\u00e9es en r\u00e9alit\u00e9 industrielle","caption":"Sophia Engineering transforme les id\u00e9es en r\u00e9alit\u00e9 industrielle","name":"banniere-ma-carriere-min","status":"inherit","uploaded_to":17,"date":"2019-08-12 13:20:37","modified":"2020-02-17 10:49:11","menu_order":0,"mime_type":"image\/jpeg","type":"image","subtype":"jpeg","icon":"https:\/\/www.sophiaengineering.com\/wp-includes\/images\/media\/default.png","width":3200,"height":1800,"sizes":{"thumbnail":"https:\/\/www.sophiaengineering.com\/wp-content\/uploads\/2019\/08\/Banniere-Ma-Carriere-min-150x150.jpeg","thumbnail-width":150,"thumbnail-height":150,"medium":"https:\/\/www.sophiaengineering.com\/wp-content\/uploads\/2019\/08\/Banniere-Ma-Carriere-min-300x169.jpeg","medium-width":300,"medium-height":169,"medium_large":"https:\/\/www.sophiaengineering.com\/wp-content\/uploads\/2019\/08\/Banniere-Ma-Carriere-min-768x432.jpeg","medium_large-width":768,"medium_large-height":432,"large":"https:\/\/www.sophiaengineering.com\/wp-content\/uploads\/2019\/08\/Banniere-Ma-Carriere-min-1024x576.jpeg","large-width":1024,"large-height":576,"1536x1536":"https:\/\/www.sophiaengineering.com\/wp-content\/uploads\/2019\/08\/Banniere-Ma-Carriere-min.jpeg","1536x1536-width":1536,"1536x1536-height":864,"2048x2048":"https:\/\/www.sophiaengineering.com\/wp-content\/uploads\/2019\/08\/Banniere-Ma-Carriere-min.jpeg","2048x2048-width":2048,"2048x2048-height":1152,"small_thumb":"https:\/\/www.sophiaengineering.com\/wp-content\/uploads\/2019\/08\/Banniere-Ma-Carriere-min-80x80.jpeg","small_thumb-width":80,"small_thumb-height":80,"full_mob":"https:\/\/www.sophiaengineering.com\/wp-content\/uploads\/2019\/08\/Banniere-Ma-Carriere-min-750x1200.jpeg","full_mob-width":750,"full_mob-height":1200,"square_mob":"https:\/\/www.sophiaengineering.com\/wp-content\/uploads\/2019\/08\/Banniere-Ma-Carriere-min-750x750.jpeg","square_mob-width":750,"square_mob-height":750,"full_tab":"https:\/\/www.sophiaengineering.com\/wp-content\/uploads\/2019\/08\/Banniere-Ma-Carriere-min-1536x1200.jpeg","full_tab-width":1536,"full_tab-height":1200,"square_tab":"https:\/\/www.sophiaengineering.com\/wp-content\/uploads\/2019\/08\/Banniere-Ma-Carriere-min-1536x1800.jpeg","square_tab-width":1536,"square_tab-height":1800,"background":"https:\/\/www.sophiaengineering.com\/wp-content\/uploads\/2019\/08\/Banniere-Ma-Carriere-min-2000x1125.jpeg","background-width":2000,"background-height":1125,"slider":"https:\/\/www.sophiaengineering.com\/wp-content\/uploads\/2019\/08\/Banniere-Ma-Carriere-min-1920x1080.jpeg","slider-width":1920,"slider-height":1080}},"catchphrase":"<p>Speed up your career<\/p>\n"},"yoast_head":"<!-- This site is optimized with the Yoast SEO plugin v26.9 - https:\/\/yoast.com\/product\/yoast-seo-wordpress\/ -->\n<title>Situations vacant - SOPHIA Speed up your career<\/title>\n<meta name=\"description\" content=\"Speed up your career with Sophia Engineering. Come and join the teams working at Sophia, our members are passionate about scientific and technical engineering.\" \/>\n<meta name=\"robots\" content=\"index, follow, max-snippet:-1, max-image-preview:large, max-video-preview:-1\" \/>\n<link rel=\"canonical\" href=\"https:\/\/www.sophiaengineering.com\/en\/situations-vacant\/\" \/>\n<meta property=\"og:locale\" content=\"en_US\" \/>\n<meta property=\"og:type\" content=\"article\" \/>\n<meta property=\"og:title\" content=\"Situations vacant - SOPHIA Speed up your career\" \/>\n<meta property=\"og:description\" content=\"Speed up your career with Sophia Engineering. Come and join the teams working at Sophia, our members are passionate about scientific and technical engineering.\" \/>\n<meta property=\"og:url\" content=\"https:\/\/www.sophiaengineering.com\/en\/situations-vacant\/\" \/>\n<meta property=\"og:site_name\" content=\"SOPHIA\" \/>\n<meta name=\"twitter:card\" content=\"summary_large_image\" \/>\n<script type=\"application\/ld+json\" class=\"yoast-schema-graph\">{\"@context\":\"https:\/\/schema.org\",\"@graph\":[{\"@type\":\"WebPage\",\"@id\":\"https:\/\/www.sophiaengineering.com\/en\/situations-vacant\/\",\"url\":\"https:\/\/www.sophiaengineering.com\/en\/situations-vacant\/\",\"name\":\"Situations vacant - SOPHIA Speed up your career\",\"isPartOf\":{\"@id\":\"https:\/\/www.sophiaengineering.com\/en\/#website\"},\"datePublished\":\"2020-07-27T13:06:01+00:00\",\"description\":\"Speed up your career with Sophia Engineering. Come and join the teams working at Sophia, our members are passionate about scientific and technical engineering.\",\"breadcrumb\":{\"@id\":\"https:\/\/www.sophiaengineering.com\/en\/situations-vacant\/#breadcrumb\"},\"inLanguage\":\"en-US\",\"potentialAction\":[{\"@type\":\"ReadAction\",\"target\":[\"https:\/\/www.sophiaengineering.com\/en\/situations-vacant\/\"]}]},{\"@type\":\"BreadcrumbList\",\"@id\":\"https:\/\/www.sophiaengineering.com\/en\/situations-vacant\/#breadcrumb\",\"itemListElement\":[{\"@type\":\"ListItem\",\"position\":1,\"name\":\"Home\",\"item\":\"https:\/\/www.sophiaengineering.com\/en\/\"},{\"@type\":\"ListItem\",\"position\":2,\"name\":\"Situations vacant\"}]},{\"@type\":\"WebSite\",\"@id\":\"https:\/\/www.sophiaengineering.com\/en\/#website\",\"url\":\"https:\/\/www.sophiaengineering.com\/en\/\",\"name\":\"SOPHIA\",\"description\":\"\",\"potentialAction\":[{\"@type\":\"SearchAction\",\"target\":{\"@type\":\"EntryPoint\",\"urlTemplate\":\"https:\/\/www.sophiaengineering.com\/en\/?s={search_term_string}\"},\"query-input\":{\"@type\":\"PropertyValueSpecification\",\"valueRequired\":true,\"valueName\":\"search_term_string\"}}],\"inLanguage\":\"en-US\"}]}<\/script>\n<!-- \/ Yoast SEO plugin. -->","yoast_head_json":{"title":"Situations vacant - SOPHIA Speed up your career","description":"Speed up your career with Sophia Engineering. Come and join the teams working at Sophia, our members are passionate about scientific and technical engineering.","robots":{"index":"index","follow":"follow","max-snippet":"max-snippet:-1","max-image-preview":"max-image-preview:large","max-video-preview":"max-video-preview:-1"},"canonical":"https:\/\/www.sophiaengineering.com\/en\/situations-vacant\/","og_locale":"en_US","og_type":"article","og_title":"Situations vacant - SOPHIA Speed up your career","og_description":"Speed up your career with Sophia Engineering. Come and join the teams working at Sophia, our members are passionate about scientific and technical engineering.","og_url":"https:\/\/www.sophiaengineering.com\/en\/situations-vacant\/","og_site_name":"SOPHIA","twitter_card":"summary_large_image","schema":{"@context":"https:\/\/schema.org","@graph":[{"@type":"WebPage","@id":"https:\/\/www.sophiaengineering.com\/en\/situations-vacant\/","url":"https:\/\/www.sophiaengineering.com\/en\/situations-vacant\/","name":"Situations vacant - SOPHIA Speed up your career","isPartOf":{"@id":"https:\/\/www.sophiaengineering.com\/en\/#website"},"datePublished":"2020-07-27T13:06:01+00:00","description":"Speed up your career with Sophia Engineering. Come and join the teams working at Sophia, our members are passionate about scientific and technical engineering.","breadcrumb":{"@id":"https:\/\/www.sophiaengineering.com\/en\/situations-vacant\/#breadcrumb"},"inLanguage":"en-US","potentialAction":[{"@type":"ReadAction","target":["https:\/\/www.sophiaengineering.com\/en\/situations-vacant\/"]}]},{"@type":"BreadcrumbList","@id":"https:\/\/www.sophiaengineering.com\/en\/situations-vacant\/#breadcrumb","itemListElement":[{"@type":"ListItem","position":1,"name":"Home","item":"https:\/\/www.sophiaengineering.com\/en\/"},{"@type":"ListItem","position":2,"name":"Situations vacant"}]},{"@type":"WebSite","@id":"https:\/\/www.sophiaengineering.com\/en\/#website","url":"https:\/\/www.sophiaengineering.com\/en\/","name":"SOPHIA","description":"","potentialAction":[{"@type":"SearchAction","target":{"@type":"EntryPoint","urlTemplate":"https:\/\/www.sophiaengineering.com\/en\/?s={search_term_string}"},"query-input":{"@type":"PropertyValueSpecification","valueRequired":true,"valueName":"search_term_string"}}],"inLanguage":"en-US"}]}},"_links":{"self":[{"href":"https:\/\/www.sophiaengineering.com\/en\/wp-json\/wp\/v2\/pages\/7463","targetHints":{"allow":["GET"]}}],"collection":[{"href":"https:\/\/www.sophiaengineering.com\/en\/wp-json\/wp\/v2\/pages"}],"about":[{"href":"https:\/\/www.sophiaengineering.com\/en\/wp-json\/wp\/v2\/types\/page"}],"author":[{"embeddable":true,"href":"https:\/\/www.sophiaengineering.com\/en\/wp-json\/wp\/v2\/users\/1"}],"replies":[{"embeddable":true,"href":"https:\/\/www.sophiaengineering.com\/en\/wp-json\/wp\/v2\/comments?post=7463"}],"version-history":[{"count":0,"href":"https:\/\/www.sophiaengineering.com\/en\/wp-json\/wp\/v2\/pages\/7463\/revisions"}],"wp:attachment":[{"href":"https:\/\/www.sophiaengineering.com\/en\/wp-json\/wp\/v2\/media?parent=7463"}],"curies":[{"name":"wp","href":"https:\/\/api.w.org\/{rel}","templated":true}]}}